{"id":273,"date":"2020-01-05T19:08:00","date_gmt":"2020-01-05T19:08:00","guid":{"rendered":"https:\/\/nmba.be\/home\/"},"modified":"2025-01-22T23:26:56","modified_gmt":"2025-01-22T23:26:56","slug":"home","status":"publish","type":"page","link":"https:\/\/nmba.be\/fr\/","title":{"rendered":"Accueil"},"content":{"rendered":"\n<div class=\"wp-block-group is-vertical is-layout-flex wp-container-core-group-is-layout-8cf370e7 wp-block-group-is-layout-flex\">\n<p><strong>Bienvenue sur le site de NMBA \u2013 Cabinet d&rsquo;expertise comptable<\/strong><\/p>\n\n\n\n<p>Nous sommes heureux de vous accueillir sur notre site. Chez NMBA, nous mettons \u00e0 votre disposition notre expertise comptable, notre exp\u00e9rience et notre engagement \u00e0 fournir des solutions personnalis\u00e9es pour r\u00e9pondre aux besoins sp\u00e9cifiques de votre entreprise.<\/p>\n\n\n\n<p>Que vous soyez une PME ou une grande entreprise, notre \u00e9quipe se tient \u00e0 vos c\u00f4t\u00e9s pour vous accompagner dans la gestion de vos finances, la conformit\u00e9 fiscale, et la strat\u00e9gie de croissance.<\/p>\n\n\n\n<p><strong>Vous avez une question ou un projet en t\u00eate ?<\/strong><br>N\u2019h\u00e9sitez pas \u00e0 nous contacter ! Nous sommes l\u00e0 pour vous aider \u00e0 atteindre vos objectifs financiers avec confiance et efficacit\u00e9.<\/p>\n<\/div>\n\n\n\n<p><\/p>\n","protected":false},"excerpt":{"rendered":"<p>Bienvenue sur le site de NMBA \u2013 Cabinet d&rsquo;expertise comptable Nous sommes heureux de vous accueillir sur notre site. Chez NMBA, nous mettons \u00e0 votre disposition notre expertise comptable, notre exp\u00e9rience et notre engagement \u00e0 fournir des solutions personnalis\u00e9es pour r\u00e9pondre aux besoins sp\u00e9cifiques de votre entreprise. Que vous soyez une PME ou une grande [&hellip;]<\/p>\n","protected":false},"author":1,"featured_media":0,"parent":0,"menu_order":0,"comment_status":"closed","ping_status":"closed","template":"","meta":{"inline_featured_image":false,"footnotes":""},"class_list":["post-273","page","type-page","status-publish","hentry"],"_links":{"self":[{"href":"https:\/\/nmba.be\/fr\/wp-json\/wp\/v2\/pages\/273","targetHints":{"allow":["GET"]}}],"collection":[{"href":"https:\/\/nmba.be\/fr\/wp-json\/wp\/v2\/pages"}],"about":[{"href":"https:\/\/nmba.be\/fr\/wp-json\/wp\/v2\/types\/page"}],"author":[{"embeddable":true,"href":"https:\/\/nmba.be\/fr\/wp-json\/wp\/v2\/users\/1"}],"replies":[{"embeddable":true,"href":"https:\/\/nmba.be\/fr\/wp-json\/wp\/v2\/comments?post=273"}],"version-history":[{"count":2,"href":"https:\/\/nmba.be\/fr\/wp-json\/wp\/v2\/pages\/273\/revisions"}],"predecessor-version":[{"id":501,"href":"https:\/\/nmba.be\/fr\/wp-json\/wp\/v2\/pages\/273\/revisions\/501"}],"wp:attachment":[{"href":"https:\/\/nmba.be\/fr\/wp-json\/wp\/v2\/media?parent=273"}],"curies":[{"name":"wp","href":"https:\/\/api.w.org\/{rel}","templated":true}]}}