{"id":276,"date":"2020-01-05T20:14:42","date_gmt":"2020-01-05T20:14:42","guid":{"rendered":"https:\/\/nmba.be\/home\/intro\/"},"modified":"2020-08-30T16:26:40","modified_gmt":"2020-08-30T16:26:40","slug":"intro","status":"publish","type":"page","link":"https:\/\/nmba.be\/fr\/home\/intro\/","title":{"rendered":"Intro"},"content":{"rendered":"\n<div class=\"col-12\">\n<h3>Vous avez de nouveaux d\u00e9fis ? Vous souhaitez lancer votre propre entreprise et vous \u00eates \u00e0 la recherche d\u2019un partenaire fiable, disponible et proactif ?<\/h3>\n<h6>N-MBA est votre partenaire depuis la cr\u00e9ation de votre soci\u00e9t\u00e9, et ce dans chaque \u00e9tape de son d\u00e9veloppement.<\/h6>\n<\/div>\n\n\n\n<div class=\"col-12 col-sm-6\">\n<p>N-MBA est un bureau comptable et fiscal membre de l&rsquo;ITAA (Institute for Tax Advisors and Accountants) anciennement I.E.C. (Institut des Experts-comptables et des Conseils fiscaux), situ\u00e9 \u00e0 Bruxelles, Belgique.<\/p>\n<\/div>\n\n\n\n<div class=\"col-12 col-sm-6\">\n<p>N-MBA est un bureau comptable et fiscal membre de l&rsquo;ITAA (Institute for Tax Advisors and Accountants) anciennement I.E.C. (Institut des Experts-comptables et des Conseils fiscaux).<\/p>\n<\/div>\n\n\n\n<div class=\"col-12 col-sm-6\">\n<p>N-MBA est un bureau comptable et fiscal membre de l&rsquo;ITAA (Institute for Tax Advisors and Accountants) anciennement I.E.C. (Institut des Experts-comptables et des Conseils fiscaux).<\/p>\n<\/div>\n\n\n\n<div class=\"col-12 col-sm-6\">\n<p>Sa petite structure permet un contact direct, une grande disponibilit\u00e9 et un service complet et tr\u00e8s personnalis\u00e9.<\/p>\n<\/div>\n\n\n\n<div class=\"col-12\"><a class=\"Link LinkPrimary Light animsition-link\" href=\"contact\/\"><i class=\"LongArrowRightIcon FloatRight Icon\"><\/i>Int\u00e9ress\u00e9? Connectons-nous<\/a><\/div>\n","protected":false},"excerpt":{"rendered":"<p>Vous avez de nouveaux d\u00e9fis ? Vous souhaitez lancer votre propre entreprise et vous \u00eates \u00e0 la recherche d\u2019un partenaire fiable, disponible et proactif ? N-MBA est votre partenaire depuis la cr\u00e9ation de votre soci\u00e9t\u00e9, et ce dans chaque \u00e9tape de son d\u00e9veloppement. N-MBA est un bureau comptable et fiscal membre de l&rsquo;ITAA (Institute for [&hellip;]<\/p>\n","protected":false},"author":1,"featured_media":0,"parent":273,"menu_order":0,"comment_status":"closed","ping_status":"closed","template":"","meta":{"inline_featured_image":false,"footnotes":""},"class_list":["post-276","page","type-page","status-publish","hentry"],"_links":{"self":[{"href":"https:\/\/nmba.be\/fr\/wp-json\/wp\/v2\/pages\/276","targetHints":{"allow":["GET"]}}],"collection":[{"href":"https:\/\/nmba.be\/fr\/wp-json\/wp\/v2\/pages"}],"about":[{"href":"https:\/\/nmba.be\/fr\/wp-json\/wp\/v2\/types\/page"}],"author":[{"embeddable":true,"href":"https:\/\/nmba.be\/fr\/wp-json\/wp\/v2\/users\/1"}],"replies":[{"embeddable":true,"href":"https:\/\/nmba.be\/fr\/wp-json\/wp\/v2\/comments?post=276"}],"version-history":[{"count":7,"href":"https:\/\/nmba.be\/fr\/wp-json\/wp\/v2\/pages\/276\/revisions"}],"predecessor-version":[{"id":448,"href":"https:\/\/nmba.be\/fr\/wp-json\/wp\/v2\/pages\/276\/revisions\/448"}],"up":[{"embeddable":true,"href":"https:\/\/nmba.be\/fr\/wp-json\/wp\/v2\/pages\/273"}],"wp:attachment":[{"href":"https:\/\/nmba.be\/fr\/wp-json\/wp\/v2\/media?parent=276"}],"curies":[{"name":"wp","href":"https:\/\/api.w.org\/{rel}","templated":true}]}}