{"id":320,"date":"2020-01-05T23:56:04","date_gmt":"2020-01-05T23:56:04","guid":{"rendered":"https:\/\/nmba.be\/contact\/"},"modified":"2020-08-29T18:57:40","modified_gmt":"2020-08-29T18:57:40","slug":"contact","status":"publish","type":"page","link":"https:\/\/nmba.be\/fr\/contact\/","title":{"rendered":"Contact"},"content":{"rendered":"\n<h3 class=\"wp-block-heading\">Vous cherchez quelqu&rsquo;un pour g\u00e9rer votre fiscalit\u00e9, votre audit ou votre comptabilit\u00e9?<\/h3>\n\n\n\n<p>Vous venez d&rsquo;en trouver un! \u00c9crivez-nous quelques mots sur ce dont vous avez besoin d&rsquo;aide et nous vous r\u00e9pondrons dans les 24 heures.<\/p>\n","protected":false},"excerpt":{"rendered":"<p>Vous cherchez quelqu&rsquo;un pour g\u00e9rer votre fiscalit\u00e9, votre audit ou votre comptabilit\u00e9? Vous venez d&rsquo;en trouver un! \u00c9crivez-nous quelques mots sur ce dont vous avez besoin d&rsquo;aide et nous vous r\u00e9pondrons dans les 24 heures.<\/p>\n","protected":false},"author":1,"featured_media":0,"parent":0,"menu_order":0,"comment_status":"closed","ping_status":"closed","template":"page-templates\/Contact.php","meta":{"inline_featured_image":false,"footnotes":""},"class_list":["post-320","page","type-page","status-publish","hentry"],"_links":{"self":[{"href":"https:\/\/nmba.be\/fr\/wp-json\/wp\/v2\/pages\/320","targetHints":{"allow":["GET"]}}],"collection":[{"href":"https:\/\/nmba.be\/fr\/wp-json\/wp\/v2\/pages"}],"about":[{"href":"https:\/\/nmba.be\/fr\/wp-json\/wp\/v2\/types\/page"}],"author":[{"embeddable":true,"href":"https:\/\/nmba.be\/fr\/wp-json\/wp\/v2\/users\/1"}],"replies":[{"embeddable":true,"href":"https:\/\/nmba.be\/fr\/wp-json\/wp\/v2\/comments?post=320"}],"version-history":[{"count":2,"href":"https:\/\/nmba.be\/fr\/wp-json\/wp\/v2\/pages\/320\/revisions"}],"predecessor-version":[{"id":413,"href":"https:\/\/nmba.be\/fr\/wp-json\/wp\/v2\/pages\/320\/revisions\/413"}],"wp:attachment":[{"href":"https:\/\/nmba.be\/fr\/wp-json\/wp\/v2\/media?parent=320"}],"curies":[{"name":"wp","href":"https:\/\/api.w.org\/{rel}","templated":true}]}}