{"id":363,"date":"2020-08-29T11:01:13","date_gmt":"2020-08-29T11:01:13","guid":{"rendered":"https:\/\/nmba.be\/?page_id=363"},"modified":"2020-08-30T16:30:11","modified_gmt":"2020-08-30T16:30:11","slug":"nos-methodes","status":"publish","type":"page","link":"https:\/\/nmba.be\/fr\/home\/nos-methodes\/","title":{"rendered":"Nos M\u00e9thodes"},"content":{"rendered":"\n<p>Gr\u00e2ce \u00e0 une analyse d\u00e9di\u00e9e, N-MBA sera en mesure de proposer une m\u00e9thode de travail appropri\u00e9e, en fonction de la structure de votre entreprise et de vos besoins.<\/p>\n","protected":false},"excerpt":{"rendered":"<p>Gr\u00e2ce \u00e0 une analyse d\u00e9di\u00e9e, N-MBA sera en mesure de proposer une m\u00e9thode de travail appropri\u00e9e, en fonction de la structure de votre entreprise et de vos besoins.<\/p>\n","protected":false},"author":1,"featured_media":0,"parent":273,"menu_order":0,"comment_status":"closed","ping_status":"closed","template":"","meta":{"inline_featured_image":false,"footnotes":""},"class_list":["post-363","page","type-page","status-publish","hentry"],"_links":{"self":[{"href":"https:\/\/nmba.be\/fr\/wp-json\/wp\/v2\/pages\/363","targetHints":{"allow":["GET"]}}],"collection":[{"href":"https:\/\/nmba.be\/fr\/wp-json\/wp\/v2\/pages"}],"about":[{"href":"https:\/\/nmba.be\/fr\/wp-json\/wp\/v2\/types\/page"}],"author":[{"embeddable":true,"href":"https:\/\/nmba.be\/fr\/wp-json\/wp\/v2\/users\/1"}],"replies":[{"embeddable":true,"href":"https:\/\/nmba.be\/fr\/wp-json\/wp\/v2\/comments?post=363"}],"version-history":[{"count":2,"href":"https:\/\/nmba.be\/fr\/wp-json\/wp\/v2\/pages\/363\/revisions"}],"predecessor-version":[{"id":452,"href":"https:\/\/nmba.be\/fr\/wp-json\/wp\/v2\/pages\/363\/revisions\/452"}],"up":[{"embeddable":true,"href":"https:\/\/nmba.be\/fr\/wp-json\/wp\/v2\/pages\/273"}],"wp:attachment":[{"href":"https:\/\/nmba.be\/fr\/wp-json\/wp\/v2\/media?parent=363"}],"curies":[{"name":"wp","href":"https:\/\/api.w.org\/{rel}","templated":true}]}}