{"id":365,"date":"2020-08-29T11:26:46","date_gmt":"2020-08-29T11:26:46","guid":{"rendered":"https:\/\/nmba.be\/?page_id=365"},"modified":"2020-08-29T15:59:04","modified_gmt":"2020-08-29T15:59:04","slug":"accounting","status":"publish","type":"page","link":"https:\/\/nmba.be\/fr\/services\/accounting\/","title":{"rendered":"Comptabilit\u00e9 et fiduciaire"},"content":{"rendered":"\n<div class=\"TopSection\">\r\n                <div class=\"container-fluid\">\r\n                    <div class=\"row m-auto w-100\">\r\n                        <div class=\"col-0 col-md-1\"><\/div>\r\n                        <div class=\"col-12 col-md-8 col-xl-6\">\r\n                            <div class=\"ExcerptBlock Block\">\n\n\n\n<h2 class=\"wp-block-heading\">Comptablit\u00e9 et Fiduciaire<\/h2>\n\n\n\n<h3 class=\"wp-block-heading\">Connaissant l\u2019importance du d\u00e9veloppement de votre entreprise, N-MBA tax peut g\u00e9rer \u00e0 votre nombre toutes les obligations administratives, comptables et fiscales de votre entreprise, afin de vous permettre de vous concentrer sur la croissance de votre entreprise.<\/h3>\n\n\n\n<\/div>\r\n                <\/div>\r\n                <div class=\"col-0 col-md-2 col-xl-4\"><\/div>\r\n                <div class=\"col-0 col-md-1\"><\/div>\r\n            <\/div>\r\n        <\/div>\r\n    <\/div>\n\n\n\n<div class=\"MiddleSection BlueBG\">\n                            <div class=\"row m-auto w-100 no-gutters\">\n                                <div class=\"col-12 col-lg-6\">\n                                    <div class=\"Block\">\n                                        <div class=\"Left\"><\/div>\n                                    <\/div>\n                                <\/div>\n                                <div class=\"col-12 col-lg-6\">\n                                    <div class=\"Block\">\n                                        <div class=\"Right\">\n                                            <p>\n                                                Avec ses employ\u00e9s form\u00e9s, N-MBA Tax peut vous garantir une comptabilit\u00e9 comptable optimale, et vous assister efficacement sur les probl\u00e8mes que vous pourriez avoir.\n                                            <\/p>\n                                        <\/div>\n                                    <\/div>\n                                <\/div>\n                            <\/div>\n                        <\/div>\n\n\n\n<div class=\"BottomSection\">\n                            <div class=\"container\">\n                                <div class=\"row m-auto\">\n                                    <div class=\"col-12\">\n                                        <div class=\"Block\">\n                                            <h3>Voici les domaines dans lesquels nous pouvons vous aider<\/h3>\n                                            <div class=\"d-none d-lg-flex\">\n                                                <div class=\"nav flex-column nav-pills\" id=\"v-pills-tab\" role=\"tablist\" aria-orientation=\"vertical\">\n                                                    <a class=\"nav-link active\" id=\"v-pills-accounting-tab\" data-toggle=\"pill\" href=\"#v-pills-accounting\" role=\"tab\" aria-controls=\"v-pills-accounting\" aria-selected=\"true\">\n                                                        <span class=\"Outer\">\n                                                            <span class=\"Inner\">Comptabilit\u00e9<\/span>\n                                                        <\/span>\n                                                        <i class=\"LongArrowRightGreenIcon Icon\"><\/i>\n                                                    <\/a>\n                                                    <a class=\"nav-link\" id=\"v-pills-tax-tab\" data-toggle=\"pill\" href=\"#v-pills-tax\" role=\"tab\" aria-controls=\"v-pills-tax\" aria-selected=\"false\">\n                                                        <span class=\"Outer\">\n                                                            <span class=\"Inner\">Imp\u00f4t<\/span>\n                                                        <\/span>\n                                                        <i class=\"LongArrowRightGreenIcon Icon\"><\/i>\n                                                    <\/a>\n                                                    <a class=\"nav-link\" id=\"v-pills-company-incorporation-tab\" data-toggle=\"pill\" href=\"#v-pills-company-incorporation\" role=\"tab\" aria-controls=\"v-pills-company-incorporation\" aria-selected=\"false\">\n                                                        <span class=\"Outer\">\n                                                            <span class=\"Inner\">Incorporation de soci\u00e9t\u00e9<\/span>\n                                                        <\/span>\n                                                        <i class=\"LongArrowRightGreenIcon Icon\"><\/i>\n                                                    <\/a>\n                                                <\/div>\n                                                <div class=\"tab-content\" id=\"v-pills-tabContent\">\n                                                    <div class=\"tab-pane fade show active\" id=\"v-pills-accounting\" role=\"tabpanel\" aria-labelledby=\"v-pills-accounting-tab\">\n                                                        <ul>\n                                                            <li>Tenue de livres sur place\/\u00e0 distance<\/li>\n                                                            <li>Bilan et P&amp;L avec annexes (\u00e9galement au format NBB)<\/li>\n                                                            <li>Elaboration d&rsquo;un Business plan<\/li>\n                                                            <li>Poste comptable interm\u00e9diaire<\/li>\n                                                            <li>Compte de l&rsquo;entreprise et analyse des performances<\/li>\n                                                            <li>Mise en \u0153uvre et suivi des KPI<\/li>\n                                                            <li>Conseils et assistance \u00e0 la gestion<\/li>\n                                                            <li>Conseils sur la mise en place de la structure comptable et administrative<\/li>\n                                                            <li>Conseil et assistance dans la mise en place de syst\u00e8mes comptables \/ ERP<\/li>\n                                                            <li>\u00c9valuation de l&rsquo;entreprise<\/li>\n                                                            <li>Tous les conseils \/ rapports sp\u00e9cifiques relatifs aux experts comptables<\/li>\n                                                        <\/ul>\n                                                    <\/div>\n                                                    <div class=\"tab-pane fade\" id=\"v-pills-tax\" role=\"tabpanel\" aria-labelledby=\"v-pills-tax-tab\">\n                                                        <ul>\n                                                            <li>D\u00e9claration fiscale (IPP, ISOC\u2026)<\/li>\n                                                            <li>Mise en place d&rsquo;annexes fiscales<\/li>\n                                                            <li>D\u00e9clarations de VAT<\/li>\n                                                            <li>Conseils d&rsquo;optimisation fiscale<\/li>\n                                                            <li>Accompagnement lors des contr\u00f4les fiscaux, r\u00e9clamations &#8230;<\/li>\n                                                            <li>Informations relatives \u00e0 l&rsquo;application VAT<\/li>\n                                                            <li>Conseils sp\u00e9cifiques en mati\u00e8re fiscale<\/li>\n                                                            <li>Calcul des paiements anticip\u00e9s CIT \/ VAT<\/li>\n                                                        <\/ul>\n                                                    <\/div>\n                                                    <div class=\"tab-pane fade\" id=\"v-pills-company-incorporation\" role=\"tabpanel\" aria-labelledby=\"v-pills-company-incorporation-tab\">\n                                                        <ul>\n                                                            <li>Assistance et conseil en constitution de soci\u00e9t\u00e9 (formes juridiques, actionnariat, statut &#8230;)<\/li>\n                                                            <li>Plan d&rsquo;affaires<\/li>\n                                                            <li>Accompagnement dans le processus de financement<\/li>\n                                                            <li>Tenue d&rsquo;assembl\u00e9es g\u00e9n\u00e9rales (invitations, proc\u00e8s-verbaux &#8230;)<\/li>\n                                                            <li>D\u00e9p\u00f4t et enregistrement des publications juridiques<\/li>\n                                                        <\/ul>\n                                                    <\/div>\n                                                <\/div>\n                                            <\/div>\n                                            <div class=\"d-flex d-lg-none\">\n                                                <div class=\"accordion\" id=\"AccordianAccounting\">\n                                                    <div class=\"card\">\n                                                        <div class=\"card-header\" id=\"HeadingFirst\">\n                                                            <h2 class=\"mb-0\">\n                                                                <a class=\"btn btn-link\" type=\"button\" data-toggle=\"collapse\" data-target=\"#CollapseFirst\" aria-expanded=\"true\" aria-controls=\"CollapseFirst\">\n                                                                    <span class=\"Outer\">\n                                                                        <span class=\"Inner\">Comptabilit\u00e9<\/span>\n                                                                    <\/span>\n                                                                <\/a>\n                                                            <\/h2>\n                                                        <\/div>\n                                                        <div id=\"CollapseFirst\" class=\"collapse show\" aria-labelledby=\"HeadingFirst\" data-parent=\"#AccordianAccounting\">\n                                                            <div class=\"card-body\">\n                                                                <ul>\n                                                                    <li>Tenue de livres sur place \/ \u00e0 distance<\/li>\n                                                                    <li>Bilan et P&amp;L avec annexes (\u00e9galement au format NBB)<\/li>\n                                                                    <li>Elaboration d&rsquo;un Business plan<\/li>\n                                                                    <li>Poste comptable interm\u00e9diaire<\/li>\n                                                                    <li>Compte de l&rsquo;entreprise et analyse des performances<\/li>\n                                                                    <li>Mise en \u0153uvre et suivi des KPI<\/li>\n                                                                    <li>Conseils et assistance \u00e0 la gestion<\/li>\n                                                                    <li>Conseils sur la mise en place de la structure comptable et administrative<\/li>\n                                                                    <li>Conseil et assistance dans la mise en place de syst\u00e8mes comptables \/ ERP<\/li>\n                                                                    <li>\u00c9valuation de l&rsquo;entreprise<\/li>\n                                                                    <li>Tous les conseils \/ rapports sp\u00e9cifiques relatifs aux experts comptables<\/li>\n                                                                <\/ul>\n                                                            <\/div>\n                                                        <\/div>\n                                                    <\/div>\n                                                    <div class=\"card\">\n                                                        <div class=\"card-header\" id=\"HeadingSecond\">\n                                                            <h2 class=\"mb-0\">\n                                                                <a class=\"btn btn-link\" type=\"button\" data-toggle=\"collapse\" data-target=\"#CollapseSecond\" aria-expanded=\"false\" aria-controls=\"CollapseSecond\">\n                                                                    <span class=\"Outer\">\n                                                                        <span class=\"Inner\">Imp\u00f4t<\/span>\n                                                                    <\/span>\n                                                                <\/a>\n                                                            <\/h2>\n                                                        <\/div>\n                                                        <div id=\"CollapseSecond\" class=\"collapse\" aria-labelledby=\"HeadingSecond\" data-parent=\"#AccordianAccounting\">\n                                                            <div class=\"card-body\">\n                                                                <ul>\n                                                                    <li>D\u00e9claration fiscale (IPP, ISOC\u2026)<\/li>\n                                                                    <li>Mise en place d&rsquo;annexes fiscales<\/li>\n                                                                    <li>D\u00e9clarations de TVA<\/li>\n                                                                    <li>Conseils d&rsquo;optimisation fiscale<\/li>\n                                                                    <li>Accompagnement lors des contr\u00f4les fiscaux, r\u00e9clamations &#8230;<\/li>\n                                                                    <li>Informations relatives \u00e0 l&rsquo;application VAT<\/li>\n                                                                    <li>Conseils sp\u00e9cifiques en mati\u00e8re fiscale<\/li>\n                                                                    <li>Calcul des paiements anticip\u00e9s CIT \/ VAT<\/li>\n                                                                <\/ul>\n                                                            <\/div>\n                                                        <\/div>\n                                                    <\/div>\n                                                    <div class=\"card\">\n                                                        <div class=\"card-header\" id=\"HeadingThird\">\n                                                            <h2 class=\"mb-0\">\n                                                                <a class=\"btn btn-link\" type=\"button\" data-toggle=\"collapse\" data-target=\"#CollapseThird\" aria-expanded=\"false\" aria-controls=\"CollapseThird\">\n                                                                    <span class=\"Outer\">\n                                                                        <span class=\"Inner\">Incorporation de soci\u00e9t\u00e9<\/span>\n                                                                    <\/span>\n                                                                <\/a>\n                                                            <\/h2>\n                                                        <\/div>\n                                                        <div id=\"CollapseThird\" class=\"collapse\" aria-labelledby=\"HeadingThird\" data-parent=\"#AccordianAccounting\">\n                                                            <div class=\"card-body\">\n                                                                <ul>\n                                                                    <li>Assistance et conseil en constitution de soci\u00e9t\u00e9 (formes juridiques, actionnariat, statut &#8230;)<\/li>\n                                                                    <li>Plan d&rsquo;affaires<\/li>\n                                                                    <li>Accompagnement dans le processus de financement<\/li>\n                                                                    <li>Tenue d&rsquo;assembl\u00e9es g\u00e9n\u00e9rales (invitations, proc\u00e8s-verbaux &#8230;)<\/li>\n                                                                    <li>D\u00e9p\u00f4t et enregistrement des publications juridiques<\/li>\n                                                                <\/ul>\n                                                            <\/div>\n                                                        <\/div>\n                                                    <\/div>\n                                                <\/div>\n                                            <\/div>\n                                        <\/div>\n                                    <\/div>\n                                <\/div>\n                            <\/div>\n                        <\/div>\n","protected":false},"excerpt":{"rendered":"<p>Comptablit\u00e9 et Fiduciaire Connaissant l\u2019importance du d\u00e9veloppement de votre entreprise, N-MBA tax peut g\u00e9rer \u00e0 votre nombre toutes les obligations administratives, comptables et fiscales de votre entreprise, afin de vous permettre de vous concentrer sur la croissance de votre entreprise. Avec ses employ\u00e9s form\u00e9s, N-MBA Tax peut vous garantir une comptabilit\u00e9 comptable optimale, et vous [&hellip;]<\/p>\n","protected":false},"author":1,"featured_media":0,"parent":367,"menu_order":0,"comment_status":"closed","ping_status":"closed","template":"","meta":{"inline_featured_image":false,"footnotes":""},"class_list":["post-365","page","type-page","status-publish","hentry"],"_links":{"self":[{"href":"https:\/\/nmba.be\/fr\/wp-json\/wp\/v2\/pages\/365","targetHints":{"allow":["GET"]}}],"collection":[{"href":"https:\/\/nmba.be\/fr\/wp-json\/wp\/v2\/pages"}],"about":[{"href":"https:\/\/nmba.be\/fr\/wp-json\/wp\/v2\/types\/page"}],"author":[{"embeddable":true,"href":"https:\/\/nmba.be\/fr\/wp-json\/wp\/v2\/users\/1"}],"replies":[{"embeddable":true,"href":"https:\/\/nmba.be\/fr\/wp-json\/wp\/v2\/comments?post=365"}],"version-history":[{"count":9,"href":"https:\/\/nmba.be\/fr\/wp-json\/wp\/v2\/pages\/365\/revisions"}],"predecessor-version":[{"id":382,"href":"https:\/\/nmba.be\/fr\/wp-json\/wp\/v2\/pages\/365\/revisions\/382"}],"up":[{"embeddable":true,"href":"https:\/\/nmba.be\/fr\/wp-json\/wp\/v2\/pages\/367"}],"wp:attachment":[{"href":"https:\/\/nmba.be\/fr\/wp-json\/wp\/v2\/media?parent=365"}],"curies":[{"name":"wp","href":"https:\/\/api.w.org\/{rel}","templated":true}]}}