{"id":376,"date":"2020-08-29T13:54:53","date_gmt":"2020-08-29T13:54:53","guid":{"rendered":"https:\/\/nmba.be\/?page_id=376"},"modified":"2020-08-30T16:34:05","modified_gmt":"2020-08-30T16:34:05","slug":"consultancy","status":"publish","type":"page","link":"https:\/\/nmba.be\/fr\/services\/consultancy\/","title":{"rendered":"Conseil"},"content":{"rendered":"\n<div class=\"TopSection\">\n                            <div class=\"container-fluid\">\n                                <div class=\"row m-auto w-100\">\n                                    <div class=\"col-0 col-md-1\"><\/div>\n                                    <div class=\"col-12 col-md-8 col-xl-6\">\n                                        <div class=\"ExcerptBlock Block\">\n                                            <h2>Conseil<\/h2>\n                                            <h3>\n                                                \nParce que la vie et l\u2019activit\u00e9 des entreprises sont pleines de d\u00e9fis,\n                                                L&rsquo;\u00e9quipe N-MBA est pr\u00eate \u00e0 vous aider \u00e0 les surmonter.\n                                            <\/h3>\n                                            <p>\n                                                Notre objectif est de vous guider \u00e0 travers toutes les \u00e9tapes de la vie de votre entreprise, avec un service complet en phase avec vos attentes.\n                                                N-MBA tax vous fournira des consultants proactifs et qualifi\u00e9s qui vous accompagneront efficacement dans vos projets.\n                                            <\/p>\n                                            <p>\n                                                Nous pouvons vous aider sur les sujets suivants.\n                                            <\/p>\n                                        <\/div>\n                                    <\/div>\n                                    <div class=\"col-0 col-md-2 col-xl-4\"><\/div>\n                                    <div class=\"col-0 col-md-1\"><\/div>\n                                <\/div>\n                            <\/div>\n                        <\/div>\n\n\n\n<div class=\"MiddleSection BlueBG\">\n                            <div class=\"row m-auto w-100 no-gutters\">\n                                <div class=\"col-12 col-lg-4\">\n                                    <div class=\"Left\">\n                                        <div class=\"row m-auto w-100 no-gutters\">\n                                            <div class=\"First col-10 m-auto\">\n                                                <i class=\"ProcessManagementIcon Icon\"><\/i>\n                                                <h4>La gestion des processus<\/h4>\n                                                <p>\n                                                    Nos consultants vous aideront \u00e0 analyser, identifier et mettre en \u0153uvre en douceur les \u00e9volutions pertinentes de vos proc\u00e9dures, dans le respect de votre organisation cibl\u00e9e et du timing.\n                                                <\/p>\n                                            <\/div>\n                                            <div class=\"Second col-10 m-auto\">\n                                                <i class=\"ChangeManagementIcon Icon\"><\/i>\n                                                <h4>Gestion du changement<\/h4>\n                                                <p>\n                                                    Nos consultants peuvent informer, former et accompagner vos collaborateurs sur tout changement de direction.\n                                                <\/p>\n                                            <\/div>\n                                            <div class=\"Third col-10 m-auto\">\n                                                <i class=\"BusinessAnalysisIcon Icon\"><\/i>\n                                                <h4>Analyse commerciale \/ mise en \u0153uvre de logiciels<\/h4>\n                                                <p>\n                                                    Nos consultants vous accompagnent dans la conception de votre business model, et vous conseillent sur des solutions \u00e0 valeur ajout\u00e9e. Ils vous guideront sur la mise en \u0153uvre du logiciel (logiciel comptable, ERP\u2026) suivant vos besoins structurels. Ils vous aideront avec le changement organisationnel ainsi que la planification strat\u00e9gique.\n                                                <\/p>\n                                            <\/div>\n                                        <\/div>\n                                    <\/div>\n                                <\/div>\n                                <div class=\"col-12 col-lg-4\">\n                                    <div class=\"Center\"><\/div>\n                                <\/div>\n                                <div class=\"col-12 col-lg-4\">\n                                    <div class=\"Right\">\n                                        <div class=\"row no-gutters\">\n                                            <div class=\"First col-10 m-auto\">\n                                                <i class=\"MergeAndAcquisitionIcon Icon\"><\/i>\n                                                <h4>Fusion et acquisition<\/h4>\n                                                <p>\n                                                    Nous partagerons notre exp\u00e9rience avec vous pour vous accompagner dans votre d\u00e9veloppement commercial et vous guider fortement dans vos projets de fusion ou d&rsquo;acquisition.\n                                                <\/p>\n                                            <\/div>\n                                            <div class=\"Second col-10 m-auto\">\n                                                <i class=\"TempManagementIcon Icon\"><\/i>\n                                                <h4>Remplacement temporaire de la direction<\/h4>\n                                                <p>\n                                                    Nous vous proposons des consultants qualifi\u00e9s et engag\u00e9s pour pourvoir temporairement les postes vacants de direction.\n                                                <\/p>\n                                            <\/div>\n                                            <div class=\"Third col-10 m-auto\">\n                                                <i class=\"OperationalSupportIcon Icon\"><\/i>\n                                                <h4>Support op\u00e9rationnel<\/h4>\n                                                <p>\n                                                    Nos consultants peuvent renforcer votre \u00e9quipe op\u00e9rationnelle et att\u00e9nuer votre pic d&rsquo;activit\u00e9.\n                                                <\/p>\n                                            <\/div>\n                                        <\/div>\n                                    <\/div>\n                                <\/div>\n                            <\/div>\n                        <\/div>\n\n\n\n<div class=\"BottomSection\">\n                            <div class=\"container\">\n                                <div class=\"row m-auto\">\n                                    <div class=\"col-12 col-lg-5\">\n                                        <div class=\"Left\">\n                                            <div id=\"ri-grid\" class=\"ri-grid ri-grid-size-1 ri-shadow\">\n                                                <img decoding=\"async\" class=\"ri-loading-image\" src=\"..\/..\/..\/wp-content\/themes\/nmba\/Assets\/Media\/Images\/Loader.gif\">\n                                                <ul>\n                                                    <li>\n                                                        <a href=\"javascript:void(0);\">\n                                                            <img decoding=\"async\" src=\"..\/..\/..\/wp-content\/themes\/nmba\/Assets\/Media\/Images\/Clients\/01.jpg\" alt=\"Client\">\n                                                        <\/a>\n                                                    <\/li>\n                                                    <li>\n                                                        <a href=\"javascript:void(0);\">\n                                                            <img decoding=\"async\" src=\"..\/..\/..\/wp-content\/themes\/nmba\/Assets\/Media\/Images\/Clients\/02.jpg\" alt=\"Client\">\n                                                        <\/a>\n                                                    <\/li>\n                                                    <li>\n                                                        <a href=\"javascript:void(0);\">\n                                                            <img decoding=\"async\" src=\"..\/..\/..\/wp-content\/themes\/nmba\/Assets\/Media\/Images\/Clients\/03.jpg\" alt=\"Client\">\n                                                        <\/a>\n                                                    <\/li>\n                                                    <li>\n                                                        <a href=\"javascript:void(0);\">\n                                                            <img decoding=\"async\" src=\"..\/..\/..\/wp-content\/themes\/nmba\/Assets\/Media\/Images\/Clients\/04.jpg\" alt=\"Client\">\n                                                        <\/a>\n                                                    <\/li>\n                                                    <li>\n                                                        <a href=\"javascript:void(0);\">\n                                                            <img decoding=\"async\" src=\"..\/..\/..\/wp-content\/themes\/nmba\/Assets\/Media\/Images\/Clients\/05.jpg\" alt=\"Client\">\n                                                        <\/a>\n                                                    <\/li>\n                                                    <li>\n                                                        <a href=\"javascript:void(0);\">\n                                                            <img decoding=\"async\" src=\"..\/..\/..\/wp-content\/themes\/nmba\/Assets\/Media\/Images\/Clients\/06.jpg\" alt=\"Client\">\n                                                        <\/a>\n                                                    <\/li>\n                                                    <li>\n                                                        <a href=\"javascript:void(0);\">\n                                                            <img decoding=\"async\" src=\"..\/..\/..\/wp-content\/themes\/nmba\/Assets\/Media\/Images\/Clients\/07.jpg\" alt=\"Client\">\n                                                        <\/a>\n                                                    <\/li>\n                                                    <li>\n                                                        <a href=\"javascript:void(0);\">\n                                                            <img decoding=\"async\" src=\"..\/..\/..\/wp-content\/themes\/nmba\/Assets\/Media\/Images\/Clients\/08.jpg\" alt=\"Client\">\n                                                        <\/a>\n                                                    <\/li>\n                                                    <li>\n                                                        <a href=\"javascript:void(0);\">\n                                                            <img decoding=\"async\" src=\"..\/..\/..\/wp-content\/themes\/nmba\/Assets\/Media\/Images\/Clients\/09.jpg\" alt=\"Client\">\n                                                        <\/a>\n                                                    <\/li>\n                                                    <li>\n                                                        <a href=\"javascript:void(0);\">\n                                                            <img decoding=\"async\" src=\"..\/..\/..\/wp-content\/themes\/nmba\/Assets\/Media\/Images\/Clients\/10.jpg\" alt=\"Client\">\n                                                        <\/a>\n                                                    <\/li>\n                                                <\/ul>\n                                            <\/div>\n                                        <\/div>\n                                    <\/div>\n                                    <div class=\"col-12 col-lg-7\">\n                                        <div class=\"Right\">\n                                            <h3>\n                                                Reconnu par des personnes et des entreprises formidables dans toute la Belgique\n                                            <\/h3>\n                                            <p>\n                                                Nous sommes une \u00e9quipe dynamique disposant d&rsquo;acquis solides et disponible pour assister votre entreprise. Notre mission consiste notamment \u00e0 aider l&rsquo;entreprise \u00e0 accomplir ses obligations fiscales et comptables en passant du conseil aux d\u00e9clarations. Notre assistance ne se limite pas uniquement \u00e0 l\u2019\u00e9tablissement de la d\u00e9claration fiscale mais aussi au suivi personnalis\u00e9 \u00e0 chaque \u00e9tape de la vie de l&rsquo;entreprise. Nous participons \u00e0 des formations r\u00e9guli\u00e8res afin de donner des conseils qui prennent en consid\u00e9ration les derni\u00e8res \u00e9volutions dans nos domaines de comp\u00e9tences. Nous nous engageons \u00e0 travailler avec la plus grande discr\u00e9tion et dans le respect du secret professionnel. Vous avez un nouveau projet, n&rsquo;h\u00e9sitez pas \u00e0 nous contacter, notre \u00e9quipe est \u00e0 votre \u00e9coute !\n                                            <\/p>\n                                            <span>\n                                                Convaincu?\n                                                \u205f\n                                                <a class=\"Link LinkPrimary Light animsition-link\" href=\"..\/..\/contact\/\">Restons connect\u00e9s<i class=\"LongArrowRightBlueIcon FloatRight Icon\"><\/i><\/a>\n                                            <\/span>\n                                        <\/div>\n                                    <\/div>\n                                <\/div>\n                            <\/div>\n                        <\/div>\n","protected":false},"excerpt":{"rendered":"<p>Conseil Parce que la vie et l\u2019activit\u00e9 des entreprises sont pleines de d\u00e9fis, L&rsquo;\u00e9quipe N-MBA est pr\u00eate \u00e0 vous aider \u00e0 les surmonter. Notre objectif est de vous guider \u00e0 travers toutes les \u00e9tapes de la vie de votre entreprise, avec un service complet en phase avec vos attentes. N-MBA tax vous fournira des consultants [&hellip;]<\/p>\n","protected":false},"author":1,"featured_media":0,"parent":367,"menu_order":0,"comment_status":"closed","ping_status":"closed","template":"","meta":{"inline_featured_image":false,"footnotes":""},"class_list":["post-376","page","type-page","status-publish","hentry"],"_links":{"self":[{"href":"https:\/\/nmba.be\/fr\/wp-json\/wp\/v2\/pages\/376","targetHints":{"allow":["GET"]}}],"collection":[{"href":"https:\/\/nmba.be\/fr\/wp-json\/wp\/v2\/pages"}],"about":[{"href":"https:\/\/nmba.be\/fr\/wp-json\/wp\/v2\/types\/page"}],"author":[{"embeddable":true,"href":"https:\/\/nmba.be\/fr\/wp-json\/wp\/v2\/users\/1"}],"replies":[{"embeddable":true,"href":"https:\/\/nmba.be\/fr\/wp-json\/wp\/v2\/comments?post=376"}],"version-history":[{"count":11,"href":"https:\/\/nmba.be\/fr\/wp-json\/wp\/v2\/pages\/376\/revisions"}],"predecessor-version":[{"id":444,"href":"https:\/\/nmba.be\/fr\/wp-json\/wp\/v2\/pages\/376\/revisions\/444"}],"up":[{"embeddable":true,"href":"https:\/\/nmba.be\/fr\/wp-json\/wp\/v2\/pages\/367"}],"wp:attachment":[{"href":"https:\/\/nmba.be\/fr\/wp-json\/wp\/v2\/media?parent=376"}],"curies":[{"name":"wp","href":"https:\/\/api.w.org\/{rel}","templated":true}]}}