{"id":378,"date":"2020-08-29T13:56:17","date_gmt":"2020-08-29T13:56:17","guid":{"rendered":"https:\/\/nmba.be\/?page_id=378"},"modified":"2020-09-08T10:45:29","modified_gmt":"2020-09-08T10:45:29","slug":"public-institutions","status":"publish","type":"page","link":"https:\/\/nmba.be\/fr\/services\/public-institutions\/","title":{"rendered":"Institutions publiques"},"content":{"rendered":"\n<div class=\"TopSection\">\n                            <div class=\"container-fluid\">\n                                <div class=\"row m-auto w-100\">\n                                    <div class=\"col-0 col-md-1\"><\/div>\n                                    <div class=\"col-12 col-md-8 col-xl-6\">\n                                        <div class=\"ExcerptBlock Block\">\n                                            <h2>Institutions publiques<\/h2>\n                                            <h3>\n                                                Outre les entreprises, nous assistons les institutions publiques dans diff\u00e9rentes missions:\n                                            <\/h3>\n                                        <\/div>\n                                    <\/div>\n                                    <div class=\"col-0 col-md-2 col-xl-4\"><\/div>\n                                    <div class=\"col-0 col-md-1\"><\/div>\n                                <\/div>\n                            <\/div>\n                        <\/div>\n\n\n\n<div class=\"MiddleSection BlueBG\">\n                            <div class=\"row m-auto w-100 no-gutters\">\n                                <div class=\"col-12 col-lg-6\">\n                                    <div class=\"Block\">\n                                        <div class=\"Left\"><\/div>\n                                    <\/div>\n                                <\/div>\n                                <div class=\"col-12 col-lg-6\">\n                                    <div class=\"Block\">\n                                        <div class=\"Right\">\n                                            <h4>\n                                                Au sommet des entreprises, nous pouvons assister les institutions publiques dans diff\u00e9rents domaines\n                                            <\/h4>\n                                            <ul>\n                                                <li>Assistance lors de l&rsquo;audit de la cour des comptes<\/li>\n                                                <li>Assistance \u00e0 la mise en \u0153uvre de la comptabilit\u00e9 publique<\/li>\n                                                <li>Assistance \u00e0 la mise en \u0153uvre de la comptabilit\u00e9 budg\u00e9taire<\/li>\n                                                <li>Aide \u00e0 l&rsquo;engagement et processus de cr\u00e9dits dissoci\u00e9s\u2026<\/li>\n                                                <li>Assurer une bonne gouvernance<\/li>\n                                                <li>Conseil et analyse li\u00e9s \u00e0 la cession et au financement des march\u00e9s publics<\/li>\n                                            <\/ul>\n                                        <\/div>\n                                    <\/div>\n                                <\/div>\n                            <\/div>\n                        <\/div>\n\n\n\n<div class=\"BottomSection\">\n                            <div class=\"container\">\n                                <div class=\"row m-auto\">\n                                    <div class=\"col-12\">\n                                        <div class=\"Block\">\n                                            <a class=\"Link LinkPrimary Dark animsition-link\" href=\"..\/..\/contact\">\n                                                Planifiez d\u00e8s aujourd&rsquo;hui une consultation sans engagement\n                                                <i class=\"LongArrowRightIcon FloatRight Icon\"><\/i>\n                                            <\/a>\n                                        <\/div>\n                                    <\/div>\n                                <\/div>\n                            <\/div>\n                        <\/div>\n","protected":false},"excerpt":{"rendered":"<p>Institutions publiques Outre les entreprises, nous assistons les institutions publiques dans diff\u00e9rentes missions: Au sommet des entreprises, nous pouvons assister les institutions publiques dans diff\u00e9rents domaines Assistance lors de l&rsquo;audit de la cour des comptes Assistance \u00e0 la mise en \u0153uvre de la comptabilit\u00e9 publique Assistance \u00e0 la mise en \u0153uvre de la comptabilit\u00e9 budg\u00e9taire [&hellip;]<\/p>\n","protected":false},"author":1,"featured_media":0,"parent":367,"menu_order":0,"comment_status":"closed","ping_status":"closed","template":"","meta":{"inline_featured_image":false,"footnotes":""},"class_list":["post-378","page","type-page","status-publish","hentry"],"_links":{"self":[{"href":"https:\/\/nmba.be\/fr\/wp-json\/wp\/v2\/pages\/378","targetHints":{"allow":["GET"]}}],"collection":[{"href":"https:\/\/nmba.be\/fr\/wp-json\/wp\/v2\/pages"}],"about":[{"href":"https:\/\/nmba.be\/fr\/wp-json\/wp\/v2\/types\/page"}],"author":[{"embeddable":true,"href":"https:\/\/nmba.be\/fr\/wp-json\/wp\/v2\/users\/1"}],"replies":[{"embeddable":true,"href":"https:\/\/nmba.be\/fr\/wp-json\/wp\/v2\/comments?post=378"}],"version-history":[{"count":6,"href":"https:\/\/nmba.be\/fr\/wp-json\/wp\/v2\/pages\/378\/revisions"}],"predecessor-version":[{"id":461,"href":"https:\/\/nmba.be\/fr\/wp-json\/wp\/v2\/pages\/378\/revisions\/461"}],"up":[{"embeddable":true,"href":"https:\/\/nmba.be\/fr\/wp-json\/wp\/v2\/pages\/367"}],"wp:attachment":[{"href":"https:\/\/nmba.be\/fr\/wp-json\/wp\/v2\/media?parent=378"}],"curies":[{"name":"wp","href":"https:\/\/api.w.org\/{rel}","templated":true}]}}